{"id":673,"date":"2014-08-26T17:41:41","date_gmt":"2014-08-26T21:41:41","guid":{"rendered":"http:\/\/www.carlosmontes.cl\/senador\/?page_id=673"},"modified":"2014-09-16T11:42:14","modified_gmt":"2014-09-16T14:42:14","slug":"nueva-educacion-publica-de-calidad","status":"publish","type":"page","link":"https:\/\/www.carlosmontes.cl\/senador\/nueva-educacion-publica-de-calidad\/","title":{"rendered":"Hacia una Nueva Educaci\u00f3n P\u00fablica de Calidad"},"content":{"rendered":"<p style=\"text-align: center;\"><img loading=\"lazy\" class=\"aligncenter  wp-image-675\" alt=\"\" src=\"http:\/\/www.carlosmontes.cl\/senador\/wp-content\/uploads\/2014\/08\/HUNEPDC-T\u00cdTULO-02.png\" width=\"406\" height=\"140\" srcset=\"https:\/\/www.carlosmontes.cl\/senador\/wp-content\/uploads\/2014\/08\/HUNEPDC-T\u00cdTULO-02.png 580w, https:\/\/www.carlosmontes.cl\/senador\/wp-content\/uploads\/2014\/08\/HUNEPDC-T\u00cdTULO-02-300x103.png 300w\" sizes=\"(max-width: 406px) 100vw, 406px\" \/><\/p>\n<p>&nbsp;<\/p>\n<p style=\"text-align: justify;\"><span style=\"color: #ff0000;\"><img loading=\"lazy\" class=\"alignright  wp-image-678\" alt=\"HNEDPC 02\" src=\"http:\/\/www.carlosmontes.cl\/senador\/wp-content\/uploads\/2014\/08\/HNEDPC-02.png\" width=\"221\" height=\"275\" srcset=\"https:\/\/www.carlosmontes.cl\/senador\/wp-content\/uploads\/2014\/08\/HNEDPC-02.png 752w, https:\/\/www.carlosmontes.cl\/senador\/wp-content\/uploads\/2014\/08\/HNEDPC-02-241x300.png 241w\" sizes=\"(max-width: 221px) 100vw, 221px\" \/>CHILE<\/span> ha tenido una larga tradici\u00f3n de compromiso con la educaci\u00f3n y ha entendido que ella es una responsabilidad central del Estado.<\/p>\n<p style=\"text-align: justify;\">En Chile surgieron las primeras Escuelas Normales de Am\u00e9rica Latina, el primer Instituto de formaci\u00f3n para profesores secundarios de la Regi\u00f3n, el Instituto Pedag\u00f3gico, una comprometida declaraci\u00f3n de que la \u201cEDUCACI\u00d3N ES ATENCI\u00d3N PREFERENTE DEL ESTADO\u201d bajo el gobierno del Presidente Pedro Aguirre Cerda.<\/p>\n<p style=\"text-align: justify;\">Las principales autoridades nacionales, los principales constructores de la artes y las letras como Pablo Neruda y Gabriela Mistral, y los constructores en tantos \u00e1mbitos de la sociedad, estudiaron en escuelas y liceos regidos por el Estado.<\/p>\n<p style=\"text-align: justify;\">Sin embargo, contrario a lo que ocurre en los principales pa\u00edses del mundo, en Chile el Estado se fue despreocupando de su tarea de mantener un sistema de educaci\u00f3n p\u00fablica de buena calidad, lo que nos ha llevado a l\u00edmites extremos en t\u00e9rminos de segregaci\u00f3n social y de calidad de la educaci\u00f3n municipal.<\/p>\n<p>&nbsp;<\/p>\n<h3 style=\"text-align: center;\"><span style=\"color: #ff3300;\"><a href=\"http:\/\/www.carlosmontes.cl\/senador\/wp-content\/uploads\/2014\/08\/HNEDPC-03.png\"><img loading=\"lazy\" class=\"alignleft  wp-image-683\" alt=\"HNEDPC 03\" src=\"http:\/\/www.carlosmontes.cl\/senador\/wp-content\/uploads\/2014\/08\/HNEDPC-03.png\" width=\"176\" height=\"174\" srcset=\"https:\/\/www.carlosmontes.cl\/senador\/wp-content\/uploads\/2014\/08\/HNEDPC-03.png 1092w, https:\/\/www.carlosmontes.cl\/senador\/wp-content\/uploads\/2014\/08\/HNEDPC-03-300x295.png 300w, https:\/\/www.carlosmontes.cl\/senador\/wp-content\/uploads\/2014\/08\/HNEDPC-03-1024x1008.png 1024w\" sizes=\"(max-width: 176px) 100vw, 176px\" \/><\/a>DEBEMOS RECUPERAR PARA CHILE UNA<\/span><br \/>\n<span style=\"color: #ff3300;\"> EDUCACI\u00d3N P\u00daBLICA DE CALIDAD<\/span><\/h3>\n<p>Esto significa convencernos y convencer a muchos otros que, como en todos los pa\u00edses con buena educaci\u00f3n:<\/p>\n<p style=\"padding-left: 60px;\">&#8211; El Estado debe financiar adecuadamente a la educaci\u00f3n p\u00fablica.<br \/>\n&#8211; Todos deben tener derecho a una educaci\u00f3n gratuita y de calidad.<br \/>\n&#8211; No debe haber selecci\u00f3n en los establecimientos educacionales.<br \/>\n&#8211; No se debe cobrar cuotas extras ni pagos mensuales en ning\u00fan establecimiento.<\/p>\n<h3 style=\"text-align: center;\"><\/h3>\n<h3 style=\"text-align: center;\"><span style=\"color: #ff3300;\">Pero, esto no basta.<\/span><\/h3>\n<h3 style=\"text-align: center;\"><span style=\"color: #ff3300;\">PARA TENER UNA NUEVA EDUCACI\u00d3N\u00a0<\/span><span style=\"color: #ff3300;\">P\u00daBLICA DE CALIDAD DE LA QUE TODOS LOS<\/span><br \/>\n<span style=\"color: #ff3300;\"> CHILENOS Y CHILENAS PODAMOS\u00a0<\/span><span style=\"color: #ff3300;\">ENORGULLECERNOS<\/span><\/h3>\n<p>Se necesita cambiar el sistema administrativo de los establecimientos municipales por uno que tenga la capacidad de:<\/p>\n<p style=\"padding-left: 60px;\">&#8211; Asegurar que se pueda contar con muy buenos profesores en los establecimientos p\u00fablicos<br \/>\n&#8211; Otorgar oportunidades a l@s profesores dentro de su tiempo de contrato para que se apoyen un@s a otr@s a mejorar sus m\u00e9todos de ense\u00f1anza y as\u00ed ayuden a cada ni\u00f1@ y joven a progresar en su educaci\u00f3n, de acuerdo a sus capacidades.<br \/>\n&#8211; Apoyar a l@s directiv@s de los establecimientos para que establezcan una gesti\u00f3n ordenada y eficaz que ayude a l@s profesores a ense\u00f1ar y a l@s estudiantes a aprender.<br \/>\n&#8211; Reducir la cantidad de estudiantes por cursos<br \/>\n&#8211; Ofrecer apoyo psicosocial en cada escuela<br \/>\n&#8211; Distribuir los recursos apropiadamente asegurando que todos los establecimientos tengan lo necesario para funcionar adecuadamente.<\/p>\n<p><img loading=\"lazy\" class=\"alignright  wp-image-689\" alt=\"HNEDPC 05\" src=\"http:\/\/www.carlosmontes.cl\/senador\/wp-content\/uploads\/2014\/08\/HNEDPC-05.png\" width=\"154\" height=\"231\" srcset=\"https:\/\/www.carlosmontes.cl\/senador\/wp-content\/uploads\/2014\/08\/HNEDPC-05.png 426w, https:\/\/www.carlosmontes.cl\/senador\/wp-content\/uploads\/2014\/08\/HNEDPC-05-199x300.png 199w\" sizes=\"(max-width: 154px) 100vw, 154px\" \/><\/p>\n<h3 style=\"text-align: center;\"><span style=\"color: #333399;\">\u00bfQU\u00c9 PODEMOS HACER NOSOTROS COMO CIUDADANOS Y CIUDADANAS PARA LOGRAR UNA BUENA EDUCACI\u00d3N DE LOS NI\u00d1OS, NI\u00d1AS Y J\u00d3VENES QUE ESTUDIAN EN LOS ESTABLECIMIENTOS P\u00daBLICOS?<\/span><\/h3>\n<h3><span style=\"color: #ff3333;\">EDUCADORES Y APODERAD@S EN LAS ESCUELAS Y LICEOS:<\/span><\/h3>\n<p>Discutir sobre c\u00f3mo mejorar la educaci\u00f3n, juntarnos para imaginar y realizar acciones que le den nueva vida al trabajo educativo en nuestro establecimiento y premiar a los que avanzan en esto. Prevenir y actuar ante la deserci\u00f3n escolar. Asegurar la limpieza y mantenimiento de los establecimientos.<br \/>\n<img loading=\"lazy\" class=\"alignleft  wp-image-692\" alt=\"\" src=\"http:\/\/www.carlosmontes.cl\/senador\/wp-content\/uploads\/2014\/08\/HNEDPC-06.png\" width=\"190\" height=\"238\" srcset=\"https:\/\/www.carlosmontes.cl\/senador\/wp-content\/uploads\/2014\/08\/HNEDPC-06.png 756w, https:\/\/www.carlosmontes.cl\/senador\/wp-content\/uploads\/2014\/08\/HNEDPC-06-240x300.png 240w\" sizes=\"(max-width: 190px) 100vw, 190px\" \/><\/p>\n<h3><span style=\"color: #ff3333;\">L@S ESTUDIANTES:<\/span><\/h3>\n<p>Aportar ideas, creatividad, experiencias y entusiasmo a las discusiones sobre c\u00f3mo mejorar la calidad de nuestros establecimientos escolares p\u00fablicos.\/&gt;<\/p>\n<p><img loading=\"lazy\" class=\"alignright  wp-image-713\" alt=\"HNEDPC 07\" src=\"http:\/\/www.carlosmontes.cl\/senador\/wp-content\/uploads\/2014\/08\/HNEDPC-07.png\" width=\"243\" height=\"217\" srcset=\"https:\/\/www.carlosmontes.cl\/senador\/wp-content\/uploads\/2014\/08\/HNEDPC-07.png 802w, https:\/\/www.carlosmontes.cl\/senador\/wp-content\/uploads\/2014\/08\/HNEDPC-07-300x268.png 300w\" sizes=\"(max-width: 243px) 100vw, 243px\" \/><\/p>\n<h3><span style=\"color: #ff3333;\">\u00a0L@S VECIN@S DE LA COMUNIDAD ESCOLAR:<\/span><\/h3>\n<p>Organizar, junto con nuestras escuelas, talleres de apoyo para los ni\u00f1os y ni\u00f1as que tienen dificultades de aprendizaje. Expresar con actividades art\u00edsticas la importancia de la educaci\u00f3n p\u00fablica de calidad. Y, oponernos decididamente al cierre de escuelas que obligan a nuestros estudiantes a trasladarse a otros establecimientos en comunidades distintas.<\/p>\n<h3><span style=\"color: #ff3333;\"><img loading=\"lazy\" class=\"alignleft  wp-image-720\" alt=\"HNEDPC 08\" src=\"http:\/\/www.carlosmontes.cl\/senador\/wp-content\/uploads\/2014\/08\/HNEDPC-08.png\" width=\"263\" height=\"222\" srcset=\"https:\/\/www.carlosmontes.cl\/senador\/wp-content\/uploads\/2014\/08\/HNEDPC-08.png 1045w, https:\/\/www.carlosmontes.cl\/senador\/wp-content\/uploads\/2014\/08\/HNEDPC-08-300x252.png 300w, https:\/\/www.carlosmontes.cl\/senador\/wp-content\/uploads\/2014\/08\/HNEDPC-08-1024x863.png 1024w\" sizes=\"(max-width: 263px) 100vw, 263px\" \/>INTELECTUALES, ACAD\u00c9MICOS, ARTISTAS, EMPRESARIOS P\u00daBLICOS Y PRIVADOS Y TODOS EN GENERAL:<\/span><\/h3>\n<p>Contribuir con nuestros conocimientos y habilidades a enriquecer la educaci\u00f3n p\u00fablica con actividades culturales y conversaciones con estudiantes y educadores.<\/p>\n<h3><span style=\"color: #ff3333;\">\u00a0TODOS:<\/span><\/h3>\n<p>Compartir las ideas y apoyar las pol\u00edticas que contribuir\u00e1n a reducir la desigualdad y el lucro en la educaci\u00f3n financiada por el estado. Difundir la fe y la esperanza en la construcci\u00f3n de una gran educaci\u00f3n p\u00fablica chilena que sea orgullo nuestro y de nuestra regi\u00f3n latinoamericana.<\/p>\n<p>&nbsp;<\/p>\n<h3 style=\"text-align: center;\"><span style=\"color: #ff3300;\">\u00a1ADELANTE!<\/span><br \/>\n<span style=\"color: #333399;\">\u00a1De todos nosotros depende,\u00a0en el plazo m\u00e1s corto posible, contar con\u00a0una<br \/>\nNueva Educaci\u00f3n P\u00fablica de Calidad!<\/span><\/h3>\n<p>&nbsp;<\/p>\n<p style=\"text-align: center;\"><img loading=\"lazy\" class=\"aligncenter  wp-image-676\" alt=\"HNEDPC 01\" src=\"http:\/\/www.carlosmontes.cl\/senador\/wp-content\/uploads\/2014\/08\/HNEDPC-01.png\" width=\"638\" height=\"515\" srcset=\"https:\/\/www.carlosmontes.cl\/senador\/wp-content\/uploads\/2014\/08\/HNEDPC-01.png 1518w, https:\/\/www.carlosmontes.cl\/senador\/wp-content\/uploads\/2014\/08\/HNEDPC-01-300x242.png 300w, https:\/\/www.carlosmontes.cl\/senador\/wp-content\/uploads\/2014\/08\/HNEDPC-01-1024x826.png 1024w\" sizes=\"(max-width: 638px) 100vw, 638px\" \/><\/p>\n<p>&nbsp;<\/p>\n<table width=\"100%\" border=\"0\">\n<tbody>\n<tr>\n<td width=\"50%\">\n<h4>Senador CARLOS MONTES<\/h4>\n<\/td>\n<td width=\"50%\">\n<h4 style=\"text-align: center;\">FORO CIUDADANO POR UNA NUEVA EDUCACI\u00d3N P\u00daBLICA<\/h4>\n<\/td>\n<\/tr>\n<\/tbody>\n<\/table>\n","protected":false},"excerpt":{"rendered":"<p>&nbsp; CHILE ha tenido una larga tradici\u00f3n de compromiso con la educaci\u00f3n y ha entendido que ella es una responsabilidad central del Estado. En Chile surgieron las primeras Escuelas Normales de Am\u00e9rica Latina, el primer Instituto de formaci\u00f3n para profesores secundarios de la Regi\u00f3n, el Instituto Pedag\u00f3gico, una comprometida declaraci\u00f3n de que la \u201cEDUCACI\u00d3N ES &hellip;<\/p>\n","protected":false},"author":2,"featured_media":0,"parent":0,"menu_order":0,"comment_status":"open","ping_status":"open","template":"","meta":[],"_links":{"self":[{"href":"https:\/\/www.carlosmontes.cl\/senador\/wp-json\/wp\/v2\/pages\/673"}],"collection":[{"href":"https:\/\/www.carlosmontes.cl\/senador\/wp-json\/wp\/v2\/pages"}],"about":[{"href":"https:\/\/www.carlosmontes.cl\/senador\/wp-json\/wp\/v2\/types\/page"}],"author":[{"embeddable":true,"href":"https:\/\/www.carlosmontes.cl\/senador\/wp-json\/wp\/v2\/users\/2"}],"replies":[{"embeddable":true,"href":"https:\/\/www.carlosmontes.cl\/senador\/wp-json\/wp\/v2\/comments?post=673"}],"version-history":[{"count":54,"href":"https:\/\/www.carlosmontes.cl\/senador\/wp-json\/wp\/v2\/pages\/673\/revisions"}],"predecessor-version":[{"id":851,"href":"https:\/\/www.carlosmontes.cl\/senador\/wp-json\/wp\/v2\/pages\/673\/revisions\/851"}],"wp:attachment":[{"href":"https:\/\/www.carlosmontes.cl\/senador\/wp-json\/wp\/v2\/media?parent=673"}],"curies":[{"name":"wp","href":"https:\/\/api.w.org\/{rel}","templated":true}]}}