{"id":64,"date":"2014-03-25T16:56:52","date_gmt":"2014-03-25T19:56:52","guid":{"rendered":"http:\/\/www.carlosmontes.cl\/senador\/?page_id=64"},"modified":"2019-03-19T16:09:25","modified_gmt":"2019-03-19T19:09:25","slug":"documentos","status":"publish","type":"page","link":"https:\/\/www.carlosmontes.cl\/senador\/documentos\/","title":{"rendered":"Documentos"},"content":{"rendered":"<span class=\"acc-trigger\"><a href=\"#\">Constituci\u00f3n<\/a><\/span><div class=\"acc-container\"><div class=\"content\">\r\n\u2192\u00a0<a href=\"http:\/\/www.carlosmontes.cl\/senador\/wp-content\/uploads\/documentos\/nueva_constitucion_28-35.pdf\">Nueva Constituci\u00f3n (Programa MB)<\/a>\r\n\r\n\u2192\u00a0<a href=\"http:\/\/www.carlosmontes.cl\/senador\/wp-content\/uploads\/documentos\/minuta_reformas_politicas.pdf\">Minuta Reformas Pol\u00edticas<\/a>\r\n\r\n\u2192\u00a0<a title=\"Intervenci\u00f3n Elecci\u00f3n de Intendentes\" href=\"http:\/\/www.carlosmontes.cl\/senador\/wp-content\/uploads\/2016\/10\/INTERVENCI\u00d3N-intendentes.pdf\" target=\"_blank\" rel=\"noopener\">Intervenci\u00f3n Elecci\u00f3n de Intendentes Regionales<\/a>\r\n\r\n<\/div><\/div>\r\n\r\n<span class=\"acc-trigger\"><a href=\"#\">Educaci\u00f3n p\u00fablica gratuita y de calidad<\/a><\/span><div class=\"acc-container\"><div class=\"content\">\r\n\r\n\u2192<a title=\"Declaraci\u00f3n P\u00fablica Universidades Estatales\" href=\"http:\/\/www.carlosmontes.cl\/senador\/wp-content\/uploads\/2016\/07\/DECLARACI\u00d3N-P\u00daBLICA-educ.superiorfirmas.pdf\" target=\"_blank\" rel=\"noopener\">Declaraci\u00f3n P\u00fablica Universidades Estatales<\/a>\r\n\r\n\u2192<a title=\"Bolet\u00edn Ley de Inclusi\u00f3n Escolar\" href=\"http:\/\/www.carlosmontes.cl\/senador\/wp-content\/uploads\/2015\/01\/150129-BOLETIN-Ley-de-Inclusi%C3%B3n.pdf\" target=\"_blank\" rel=\"noopener\">Bolet\u00edn Informativo Inclusi\u00f3n Escolar.<\/a>\r\n\r\n\u2192<a title=\"Bolet\u00edn SIMCE\" href=\"http:\/\/www.carlosmontes.cl\/senador\/wp-content\/uploads\/2014\/12\/BOLETINsimce.pdf\" target=\"_blank\" rel=\"noopener\">Bolet\u00edn Informativo SIMCE.<\/a>\r\n\r\n\u2192 <a title=\"Bolet\u00edn Reforma Educacional\" href=\"http:\/\/www.carlosmontes.cl\/senador\/wp-content\/uploads\/2014\/12\/BOLETINeducaciondef.pdf\" target=\"_blank\" rel=\"noopener\">Bolet\u00edn Informativo Reforma Educacional.<\/a>\r\n\r\n\u2192\u00a0<a title=\"Indicaci\u00f3n SIMCE\" href=\"http:\/\/www.carlosmontes.cl\/senador\/wp-content\/uploads\/2014\/11\/indSimce.pdf\" target=\"_blank\" rel=\"noopener\">Indicaci\u00f3n aprobada para suspender difusi\u00f3n de resultados SIMCE.<\/a>\r\n\r\n\u2192\u00a0<a href=\"http:\/\/www.carlosmontes.cl\/senador\/wp-content\/uploads\/2014\/08\/Tr\u00edptico-Hacia-una-Nueva-Educaci\u00f3n-P\u00fablica-de-Calidad.pdf\">Tr\u00edptico Hacia una Nueva Educaci\u00f3n P\u00fablica de calidad<\/a>\r\n\r\n\u2192\u00a0<a href=\"http:\/\/www.carlosmontes.cl\/senador\/wp-content\/uploads\/documentos\/minuta_educacion.pdf\">Minuta educaci\u00f3n<\/a>\r\n\r\n\u2192\u00a0<a href=\"http:\/\/www.carlosmontes.cl\/senador\/wp-content\/uploads\/documentos\/propuesta_conjunta_oposicion_educacion2012.pdf\">Propuesta com\u00fan educaci\u00f3n 2012<\/a>\r\n\r\n\u2192\u00a0<a href=\"http:\/\/www.carlosmontes.cl\/senador\/wp-content\/uploads\/documentos\/reforma_educacional_14-21.pdf\">Reforma educacional (Programa MB)<\/a>\r\n\r\n\u2192\u00a0<a href=\"http:\/\/www.carlosmontes.cl\/senador\/wp-content\/uploads\/documentos\/educacion\/comunicado-prop-gob-sobre-cred-univ.pdf\">Diputado Montes recibe con cautela propuesta del gobierno sobre cr\u00e9ditos para la educaci\u00f3n superior<\/a>\r\n\r\n\u2192\u00a0<a href=\"http:\/\/www.carlosmontes.cl\/senador\/wp-content\/uploads\/documentos\/educacion\/financiamientocompartidohemiciclo.pdf\">El financiamiento compartido: cr\u00f3nica de una segregaci\u00f3n anunciada<\/a>\r\n\r\n\u2192\u00a0<a href=\"http:\/\/www.carlosmontes.cl\/senador\/wp-content\/uploads\/documentos\/educacion\/privatizaciones-educacion.pdf\">Mar\u00eda Olivia M\u00f6nckeberg present\u00f3 nuevo libro, La privatizaci\u00f3n de las universidades: \u201cLos datos hablan por s\u00ed solos\u201d<\/a>\r\n\r\n\u2192 <a title=\"Manifiesto por la Nueva Educaci\u00f3n P\u00fablica\" href=\"http:\/\/www.carlosmontes.cl\/senador\/wp-content\/uploads\/2015\/05\/MANIFIESTO-POR-LA-NUEVA-EDUCACI%C3%93N-P%C3%9ABLICA.pdf\" target=\"_blank\" rel=\"noopener\">Manifiesto por la nueva educaci\u00f3n p\u00fablica.<\/a>\r\n\r\n\u2192 <a title=\"Bolet\u00edn Informativo Consejos Escolares\" href=\"http:\/\/www.carlosmontes.cl\/senador\/wp-content\/uploads\/2015\/08\/BOLETIN-Consejos-Escolares.pdf\" target=\"_blank\" rel=\"noopener\">Bolet\u00edn Informativo Consejos Escolares. Modificaciones introducidas por\u00a0la Ley de Inclusi\u00f3n.<\/a>\r\n\r\n\u2192\u00a0<a title=\"Bolet\u00edn Informativo NEP\" href=\"http:\/\/www.carlosmontes.cl\/senador\/wp-content\/uploads\/2015\/09\/BOLETIN-INVERSIONESNEP.pdf\" target=\"_blank\" rel=\"noopener\">Bolet\u00edn Informativo Inversiones Educaci\u00f3n P\u00fablica La Cisterna, El Bosque, San Ram\u00f3n \/Sept. 2015<\/a>\r\n\r\n\u2192\u00a0<a title=\"Bolet\u00edn Informativo NEP2\" href=\"http:\/\/www.carlosmontes.cl\/senador\/wp-content\/uploads\/2015\/09\/BOLETIN-INVERSIONESNEP2.pdf\" target=\"_blank\" rel=\"noopener\">Bolet\u00edn Informativo Inversiones Educaci\u00f3n P\u00fablica Lo Espejo, Pedro Aguirre, Cerda San Miguel \/Sept. 2015<\/a>\r\n\r\n\u2192\u00a0<a title=\"Bolet\u00edn Informativo NEP3\" href=\"http:\/\/www.carlosmontes.cl\/senador\/wp-content\/uploads\/2015\/09\/BOLETIN-INVERSIONESNEP3.pdf\" target=\"_blank\" rel=\"noopener\">Bolet\u00edn Informativo Inversiones Educaci\u00f3n P\u00fablica La Florida \/ Sept. 2015<\/a>\r\n\r\n\u2192\u00a0<a title=\"Bolet\u00edn Informativo NEP4\" href=\"http:\/\/www.carlosmontes.cl\/senador\/wp-content\/uploads\/2015\/09\/BOLETIN-INVERSIONESNEP4.pdf\" target=\"_blank\" rel=\"noopener\">Bolet\u00edn Informativo Inversiones Educaci\u00f3n P\u00fablica La Granja, Macul y San Joaqu\u00edn \/ Sept. 2015<\/a>\r\n\r\n\u2192\u00a0<a title=\"Bolet\u00edn Informativo NEP5\" href=\"http:\/\/www.carlosmontes.cl\/senador\/wp-content\/uploads\/2015\/09\/BOLETIN-INVERSIONESNEP5.pdf\" target=\"_blank\" rel=\"noopener\">Bolet\u00edn Informativo Inversiones Educaci\u00f3n P\u00fablica La Reina, Pe\u00f1alol\u00e9n \/ Sept. 2015<\/a>\r\n\r\n\u2192\u00a0<a title=\"Bolet\u00edn Informativo NEP6\" href=\"http:\/\/www.carlosmontes.cl\/senador\/wp-content\/uploads\/2015\/09\/BOLETIN-INVERSIONESNEP6B.pdf\" target=\"_blank\" rel=\"noopener\">Bolet\u00edn Informativo Inversiones Educaci\u00f3n P\u00fablica Puente Alto, La Pintana, Pirque, San Jos\u00e9 de Maipo \/ Sept. 2015<\/a>\r\n\r\n\u2192\u00a0<a title=\"Bolet\u00edn Informativo NEP7\" href=\"http:\/\/www.carlosmontes.cl\/senador\/wp-content\/uploads\/2015\/09\/BOLETIN-INVERSIONESNEP7.pdf\" target=\"_blank\" rel=\"noopener\">Bolet\u00edn Informativo Inversiones Educaci\u00f3n P\u00fablica La Cisterna, Vitacura, Lo Barnechea \/ Sept. 2015<\/a>\r\n\r\n\u2192\u00a0<a title=\"Manual de Actividades NEP\" href=\"http:\/\/www.carlosmontes.cl\/senador\/wp-content\/uploads\/2015\/09\/MANUAL-EDUCACI\u00d3N-web.pdf\" target=\"_blank\" rel=\"noopener\">Manual de Actividades. Vamos por una Nueva Educaci\u00f3n P\u00fablica.<\/a>\r\n\r\n\u2192\u00a0<a title=\"Documento Bancada PS Educaci\u00f3n Superior\" href=\"http:\/\/www.carlosmontes.cl\/senador\/wp-content\/uploads\/2016\/08\/edusuperior.PS_.v1406.pdf\" target=\"_blank\" rel=\"noopener\">Documento Bancada PS sobre Educaci\u00f3n Superior<\/a>\r\n\r\n<\/div><\/div>\r\n\r\n<span class=\"acc-trigger\"><a href=\"#\">Reforma tributaria<\/a><\/span><div class=\"acc-container\"><div class=\"content\">\r\n\u2192\u00a0<a href=\"http:\/\/www.carlosmontes.cl\/senador\/wp-content\/uploads\/2014\/04\/proyecto_reforma_tributaria.pdf\">Proyecto de Reforma Tributaria<\/a>\r\n\r\n\u2192\u00a0<a href=\"http:\/\/www.carlosmontes.cl\/senador\/wp-content\/uploads\/documentos\/reforma_tributaria_22-27.pdf\">Reforma Tributaria (Programa MB)<\/a>\r\n\r\n\u2192 <a title=\"Bolet\u00edn Explicativo Reforma Tributaria\" href=\"http:\/\/www.carlosmontes.cl\/senador\/wp-content\/uploads\/2014\/05\/Boletin-Reforma3.pdf\" target=\"_blank\" rel=\"noopener\">Bolet\u00edn Informativo Reforma Tributaria<\/a>\r\n\r\n\u2192\u00a0<a href=\"http:\/\/www.carlosmontes.cl\/senador\/wp-content\/uploads\/documentos\/prop_tributariaopos_12.pdf\">Propuesta Tributaria Oposici\u00f3n, 2012<\/a>\r\n\r\n\u2192\u00a0<a title=\"Propuestas Bancada PS Pro Crecimiento\" href=\"http:\/\/www.carlosmontes.cl\/senador\/wp-content\/uploads\/2016\/08\/Pol\u00edtica-Pro-Crecimiento-version_22-jul-2016.pdf\" target=\"_blank\" rel=\"noopener\">Propuestas Bancada PS Pro Crecimiento 2016<\/a>\r\n<\/div><\/div>\r\n\r\n<span class=\"acc-trigger\"><a href=\"#\">Derecho a huelga y negociaci\u00f3n colectiva<\/a><\/span><div class=\"acc-container\"><div class=\"content\">\r\n\u2192\u00a0<a href=\"http:\/\/www.carlosmontes.cl\/senador\/wp-content\/uploads\/documentos\/minuta_laboral.pdf\">Minuta Laboral<\/a>\r\n\r\n\u2192\u00a0<a href=\"http:\/\/www.carlosmontes.cl\/senador\/wp-content\/uploads\/documentos\/trabajo_92-97.pdf\">Trabajo (Programa MB)<\/a>\r\n\r\n\u2192\u00a0<a title=\"Bolet\u00edn Informativo Proyecto Reforma Laboral\" href=\"http:\/\/www.carlosmontes.cl\/senador\/wp-content\/uploads\/2015\/08\/BOLETIN-RL.pdf\" target=\"_blank\" rel=\"noopener\">Bolet\u00edn Informativo Proyecto de Reforma Laboral<\/a>\r\n<\/div><\/div>\r\n\r\n<span class=\"acc-trigger\"><a href=\"#\">Sistema previsional<\/a><\/span><div class=\"acc-container\"><div class=\"content\">\r\n\u2192\u00a0<a href=\"http:\/\/www.carlosmontes.cl\/senador\/wp-content\/uploads\/documentos\/minuta_pensiones.pdf\">Minuta Pensiones<\/a>\r\n\r\n\u2192\u00a0<a href=\"http:\/\/www.carlosmontes.cl\/senador\/wp-content\/uploads\/documentos\/pensiones_98-101.pdf\">Pensiones (Programa MB)<\/a>\r\n<\/div><\/div>\r\n\r\n<span class=\"acc-trigger\"><a href=\"#\">Ciudades integradas<\/a><\/span><div class=\"acc-container\"><div class=\"content\">\r\n\r\n\u2192<a href=\"http:\/\/www.carlosmontes.cl\/senador\/wp-content\/uploads\/2015\/06\/Propuesta-de-Pol\u00edticas_Suelo_para_Integraci\u00f3n_Social_CNDU_Mayo_2015-DOCUMENTO-FINAL.pdf\">Documento Pol\u00edticas de Suelo para la Integraci\u00f3n Social - CNDU, mayo 2015 (Descargar PDF)<\/a>\r\n\u2192<a title=\"Pol\u00edtica Nacional de Desarrollo Urbano\" href=\"http:\/\/www.carlosmontes.cl\/senador\/?p=402\" target=\"_blank\" rel=\"noopener\">Pol\u00edtica Nacional de Desarrollo Urbano.<\/a>\r\n\r\n\u2192<a href=\"http:\/\/www.carlosmontes.cl\/senador\/wp-content\/uploads\/documentos\/ciudades%20integradas\/compromiso-x-el-desarrollo-de-los-barrios.pdf\">Compromiso por el desarrollo de los barrios y construir ciudad<\/a>\r\n\r\n\u2192\u00a0<a href=\"http:\/\/www.carlosmontes.cl\/senador\/wp-content\/uploads\/documentos\/minuta_ciudad.pdf\">Minuta Ciudad<\/a>\r\n\r\n\u2192\u00a0<a href=\"http:\/\/www.carlosmontes.cl\/senador\/wp-content\/uploads\/documentos\/ciudad_vivienda_territorio_120-125.pdf\">Ciudad, vivienda y territorio (Programa MB)<\/a>\r\n\r\n\u2192\u00a0<a title=\"Bolet\u00edn Suelo Urbano\" href=\"http:\/\/www.carlosmontes.cl\/senador\/wp-content\/uploads\/2015\/04\/BOLETINSUELO.pdf\" target=\"_blank\" rel=\"noopener\">Bolet\u00edn Suelo Urbano<\/a>\r\n\r\n\u2192\u00a0<a title=\"Derecho Real de Conservaci\u00f3n\" href=\"http:\/\/www.carlosmontes.cl\/senador\/wp-content\/uploads\/2016\/06\/DRC.pdf\" target=\"_blank\" rel=\"noopener\">Texto aprobado Derecho Real de Conservaci\u00f3n<\/a>\r\n\r\n\u2192 <a href=\"http:\/\/www.carlosmontes.cl\/senador\/wp-content\/uploads\/2019\/03\/LibroJJVV.pdf\">Libro Juntas de Vecinos en Chile: 50 a\u00f1os<\/a>\r\n<\/div><\/div>\r\n\r\n<span class=\"acc-trigger\"><a href=\"#\">Mejor salud<\/a><\/span><div class=\"acc-container\"><div class=\"content\">\r\n\u2192\u00a0<a href=\"http:\/\/www.carlosmontes.cl\/senador\/wp-content\/uploads\/2014\/04\/minuta_salud.pdf\">Minuta salud<\/a>\r\n\r\n\u2192\u00a0<a href=\"http:\/\/www.carlosmontes.cl\/senador\/wp-content\/uploads\/2014\/04\/salud-86-91.pdf\">Salud (Programa MB)<\/a>\r\n\r\n\u2192\u00a0<a href=\"http:\/\/www.carlosmontes.cl\/senador\/wp-content\/uploads\/documentos\/salud\/cannabis-uso-y-restricciones.pdf\">Regulaci\u00f3n del porte personal, comercializaci\u00f3n y consumo terap\u00e9utico de cannabis en el Derecho Comparado<\/a>\r\n\r\n\u2192\u00a0<a title=\"Moci\u00f3n autocultivo\" href=\"http:\/\/www.carlosmontes.cl\/senador\/wp-content\/uploads\/2014\/07\/M-O-C-I-O-N-autocultivo.pdf\" target=\"_blank\" rel=\"noopener\">Moci\u00f3n que permite el autocultivo de cannabis.<\/a>\r\n<\/div><\/div>\r\n\r\n<span class=\"acc-trigger\"><a href=\"#\">Labor parlamentaria<\/a><\/span><div class=\"acc-container\"><div class=\"content\">\r\n\u2192\u00a0<a href=\"http:\/\/www.carlosmontes.cl\/senador\/wp-content\/uploads\/documentos\/Labor%20parlamentaria\/informejohnsons.pdf\">Informe de la comision especial investigadora encargada de fiscalizar el comportamiento de los grandes contribuyentes, y las condonaciones efectuadas por el servicio de impuestos internos en los \u00faltimos a\u00f1os<\/a>\r\n\r\n\u2192\u00a0<a href=\"http:\/\/www.carlosmontes.cl\/senador\/wp-content\/uploads\/documentos\/Labor%20parlamentaria\/mociones-dip-cmontes.pdf\">Mociones presentadas por parlamentario, per\u00edodo: 11\/03\/1992-11\/03\/2014<\/a>\r\n\r\n\u2192\u00a0<a href=\"http:\/\/www.carlosmontes.cl\/senador\/wp-content\/uploads\/documentos\/Labor%20parlamentaria\/labor-parlamentaria-diputado-cmontes.pdf\">Labor parlamentaria, per\u00edodo:\u00a0 11\/03\/2010 - 10\/03\/2014<\/a>\r\n\r\n\u2192\u00a0<a href=\"http:\/\/www.carlosmontes.cl\/senador\/wp-content\/uploads\/documentos\/Labor%20parlamentaria\/labor-parlamentaria-diputado-cmontes-06-10.pdf\">Labor parlamentaria, per\u00edodo:\u00a0 11\/03\/2006 - 10\/03\/2010<\/a>\r\n\r\n\u2192\u00a0<a href=\"http:\/\/www.carlosmontes.cl\/senador\/wp-content\/uploads\/documentos\/Labor%20parlamentaria\/labor-parlamentaria-diputado-cmontes-02-06.pdf\">Labor parlamentaria, per\u00edodo:\u00a0 11\/03\/2002 - 10\/03\/2006<\/a>\r\n\r\n\u2192\u00a0<a href=\"http:\/\/www.carlosmontes.cl\/senador\/wp-content\/uploads\/documentos\/Labor%20parlamentaria\/labor-parlamentaria-diputado-cmontes-98-02.pdf\">Labor parlamentaria, per\u00edodo:\u00a0 11\/03\/1998 - 10\/03\/2002<\/a>\r\n\r\n\u2192\u00a0<a href=\"http:\/\/www.carlosmontes.cl\/senador\/wp-content\/uploads\/documentos\/Labor%20parlamentaria\/labor-parlamentaria-diputado-cmontes-90-94.pdf\">Labor parlamentaria, per\u00edodo:\u00a0 11\/03\/1990 - 10\/03\/1994<\/a>\r\n\r\n\u2192\u00a0<a href=\"http:\/\/www.carlosmontes.cl\/senador\/wp-content\/uploads\/documentos\/Labor%20parlamentaria\/labor-parlamentaria-diputado-cmontes-94-98.pdf\">Labor parlamentaria, per\u00edodo:\u00a0 11\/03\/1994 - 10\/03\/1998<\/a>\r\n<\/div><\/div>\r\n\r\n<span class=\"acc-trigger\"><a href=\"#\">Medio ambiente<\/a><\/span><div class=\"acc-container\"><div class=\"content\">\r\n\u2192\u00a0<a href=\"http:\/\/www.carlosmontes.cl\/senador\/wp-content\/uploads\/documentos\/medio%20ambiente\/imagenes-fundo-panul-y-encuentros.pdf\">Anteproyecto parque: \"El Panul\"<\/a>\r\n\r\n\u2192\u00a0<a href=\"http:\/\/www.carlosmontes.cl\/senador\/wp-content\/uploads\/documentos\/medio%20ambiente\/proyecto-fundo-panul-1991-parque-ecologico.pdf\">Proyecto parque ecol\u00f3gico de la juventud en La Florida<\/a>\r\n<\/div><\/div>\r\n\r\n<span class=\"acc-trigger\"><a href=\"#\">Pol\u00edtica<\/a><\/span><div class=\"acc-container\"><div class=\"content\">\r\n\u2192\u00a0<a href=\"http:\/\/www.carlosmontes.cl\/senador\/wp-content\/uploads\/documentos\/politica\/historia-transparencia.pdf\">Un compromiso permanente con la transparencia en la funci\u00f3n p\u00fablica<\/a>\r\n\r\n\u2192\u00a0<a href=\"http:\/\/www.carlosmontes.cl\/senador\/wp-content\/uploads\/documentos\/politica\/mocioncampanias8283.pdf\">Modifica la ley N\u00ba19.884, con el objeto de asegurar la total transparencia en materia de gasto electoral y financiamiento de la actividad pol\u00edtica. Bolet\u00edn N\u00b0 8283-06<\/a>\r\n\r\n\u2192\u00a0<a href=\"http:\/\/www.carlosmontes.cl\/senador\/wp-content\/uploads\/documentos\/politica\/transparencia-electoral2-Modo-de-compatibilidad.pdf\">Transparencia total en las campa\u00f1as electorales y en el financiamiento de la pol\u00edtica. \u00a1ahora!<\/a>\r\n\r\n\u2192\u00a0<a title=\"Bolet\u00edn fin del binominal\" href=\"http:\/\/www.carlosmontes.cl\/senador\/wp-content\/uploads\/2015\/06\/BOLETINBINOMINAL.pdf\" target=\"_blank\" rel=\"noopener\">Bolet\u00edn fin del binominal<\/a>\r\n\r\n\u2192\u00a0<a title=\"Bolet\u00edn Informativo Propaganda Electoral\" href=\"http:\/\/www.carlosmontes.cl\/senador\/wp-content\/uploads\/2016\/09\/1b-folletines-Propaganda-Elect.pdf\" target=\"_blank\" rel=\"noopener\">Bolet\u00edn Informativo Propaganda Electoral\r\n<\/a>\r\n\r\n\u2192\u00a0<a title=\"Bolet\u00edn Informativo Financiamiento de Campa\u00f1as\" href=\"http:\/\/www.carlosmontes.cl\/senador\/wp-content\/uploads\/2016\/09\/2b-folletines-Financiamiento-de-campa\u00f1as1.pdf\" target=\"_blank\" rel=\"noopener\">Bolet\u00edn Informativo Financiamiento de Campa\u00f1as<\/a>\r\n\r\n\u2192\u00a0<a title=\"Bolet\u00edn Informativo Gasto Electoral\" href=\"http:\/\/www.carlosmontes.cl\/senador\/wp-content\/uploads\/2016\/09\/3b-folletines-Gasto-electoral.pdf\" target=\"_blank\" rel=\"noopener\">Bolet\u00edn Informativo Gasto Electoral<\/a>\r\n\r\n\u2192\u00a0<a title=\"Bolet\u00edn Informativo Administrador y Cuentas\" href=\"http:\/\/www.carlosmontes.cl\/senador\/wp-content\/uploads\/2016\/09\/4b-folletines-adminstrador-de-cuenta.pdf\" target=\"_blank\" rel=\"noopener\">Bolet\u00edn Informativo Administrador Electoral y Cuentas de Campa\u00f1a<\/a>\r\n\r\n\u2192\u00a0<a title=\"Bolet\u00edn Informativo Infracciones y Sanciones\" href=\"http:\/\/www.carlosmontes.cl\/senador\/wp-content\/uploads\/2016\/09\/5b-folletines-Infracciones-y-Sanciones.pdf\" target=\"_blank\" rel=\"noopener\">Bolet\u00edn Informativo Infracciones y Sanciones Electorales<\/a>\r\n\r\n<\/div><\/div>\r\n\r\n<span class=\"acc-trigger\"><a href=\"#\">Privatizaciones<\/a><\/span><div class=\"acc-container\"><div class=\"content\">\r\n\u2192 <a title=\"Privatizaciones 1\" href=\"http:\/\/www.carlosmontes.cl\/senador\/wp-content\/uploads\/2014\/07\/privatizaciones1.pdf\" target=\"_blank\" rel=\"noopener\">Informe Privatizaciones C\u00e1mara de Diputados. Resumen y Primera Parte.<\/a>\r\n\r\n\u2192\u00a0<a title=\"Privatizaciones 2\" href=\"http:\/\/www.carlosmontes.cl\/senador\/wp-content\/uploads\/2014\/07\/privatizaciones2.pdf\" target=\"_blank\" rel=\"noopener\">Informe Privatizaciones C\u00e1mara de Diputados. Segunda Parte.<\/a>\r\n\r\n\u2192\u00a0<a title=\"Privatizaciones 3\" href=\"http:\/\/www.carlosmontes.cl\/senador\/wp-content\/uploads\/2014\/07\/privatizaciones3.pdf\" target=\"_blank\" rel=\"noopener\">Informe Privatizaciones C\u00e1mara de Diputados. Tercera Parte.<\/a>\r\n\r\n\u2192\u00a0<a title=\"Privatizaciones 4\" href=\"http:\/\/www.carlosmontes.cl\/senador\/wp-content\/uploads\/2014\/07\/privatizaciones4.pdf\" target=\"_blank\" rel=\"noopener\">Informe Privatizaciones C\u00e1mara de Diputados. Conclusiones.<\/a>\r\n\r\n\u2192\u00a0<a href=\"http:\/\/www.carlosmontes.cl\/senador\/wp-content\/uploads\/documentos\/privatizaciones\/antecedentes-agro.pdf\">Extractos del juicio del consejo de defensa del estado contra la sociedad monasterio<\/a>\r\n\r\n\u2192\u00a0<a href=\"http:\/\/www.carlosmontes.cl\/senador\/wp-content\/uploads\/documentos\/privatizaciones\/antecedentes.pdf\">Redacci\u00f3n de sesiones\u00a0<\/a>\r\n\r\n\u2192\u00a0<a href=\"http:\/\/www.carlosmontes.cl\/senador\/wp-content\/uploads\/documentos\/privatizaciones\/bancotalca.pdf\">Banco de Talca<\/a>\r\n\r\n\u2192\u00a0<a href=\"http:\/\/www.carlosmontes.cl\/senador\/wp-content\/uploads\/documentos\/privatizaciones\/bco_estado.pdf\">Comisi\u00f3n de Hacienda, oficio N\u00ba 24<\/a>\r\n\r\n\u2192\u00a0<a href=\"http:\/\/www.carlosmontes.cl\/senador\/wp-content\/uploads\/documentos\/privatizaciones\/carta-jarancibia-a-dmontes.pdf\">Carta de Jos\u00e9 Arancibia Portales a Diputado Carlos Montes<\/a>\r\n\r\n\u2192\u00a0<a href=\"http:\/\/www.carlosmontes.cl\/senador\/wp-content\/uploads\/documentos\/privatizaciones\/conclusiones-supermercados-12-09.pdf\">Minuta de conclusiones y propuestas de la comisi\u00f3n investigadora de la C\u00e1mara de Diputados sobre cumplimiento de legislaci\u00f3n laboral en supermercados<\/a>\r\n\r\n\u2192\u00a0<a href=\"http:\/\/www.carlosmontes.cl\/senador\/wp-content\/uploads\/documentos\/privatizaciones\/discusion-sobre-informe-privatizaciones-s23.pdf\">C\u00e1mara de Diputados, legislatura 354\u00aa<\/a>\r\n\r\n\u2192\u00a0<a href=\"http:\/\/www.carlosmontes.cl\/senador\/wp-content\/uploads\/documentos\/privatizaciones\/exposiciones-totales.pdf\">S\u00edntesis exposiciones frente a comisi\u00f3n investigadora sobre fiscalizaci\u00f3n laboral en supermercados (borrador)<\/a>\r\n\r\n\u2192\u00a0<a href=\"http:\/\/www.carlosmontes.cl\/senador\/wp-content\/uploads\/documentos\/privatizaciones\/feunzalida-ref-agraria-sesion-24.pdf\">Las Tierras y los Campesinos de la Reforma Agraria chilena (leyes asignatarios y destino)<\/a>\r\n\r\n\u2192\u00a0<a href=\"http:\/\/www.carlosmontes.cl\/senador\/wp-content\/uploads\/documentos\/privatizaciones\/gasco.pdf\">Exposici\u00f3n de ex dirigente sindical de gasco, don jos\u00e9 arancibia, frente a la comisi\u00f3n investigadora encargada de analizar las presuntas irregularidades en privatizaciones de las empresas del estado ocurridas con anterioridad a 1990.<\/a>\r\n\r\n\u2192\u00a0<a href=\"http:\/\/www.carlosmontes.cl\/senador\/wp-content\/uploads\/documentos\/privatizaciones\/la-industria-del-retail-en-chile.pdf\">La industria del retail en Chile y el modelo Wal-Mart<\/a>\r\n\r\n\u2192\u00a0<a href=\"http:\/\/www.carlosmontes.cl\/senador\/wp-content\/uploads\/documentos\/privatizaciones\/lanchile.pdf\">Exposici\u00f3n de Pedro Araya, presidente del comando de defensa de las empresas del estado frente a la comisi\u00f3n investigadora encargada de analizar presuntas irregularidades en las privatizaciones de empresas del estado<\/a>\r\n\r\n\u2192\u00a0<a href=\"http:\/\/www.carlosmontes.cl\/senador\/wp-content\/uploads\/documentos\/privatizaciones\/otras-privatizaciones.pdf\">Participaci\u00f3n de Mar\u00eda Olivia Monckeberg en la comisi\u00f3n investigadora encargada de analizar las presuntas irregularidades en privatizaciones de las empresas del estado ocurridas con anterioridad a 1990.<\/a>\r\n<\/div><\/div>\r\n","protected":false},"excerpt":{"rendered":"","protected":false},"author":1,"featured_media":0,"parent":0,"menu_order":0,"comment_status":"open","ping_status":"open","template":"","meta":[],"_links":{"self":[{"href":"https:\/\/www.carlosmontes.cl\/senador\/wp-json\/wp\/v2\/pages\/64"}],"collection":[{"href":"https:\/\/www.carlosmontes.cl\/senador\/wp-json\/wp\/v2\/pages"}],"about":[{"href":"https:\/\/www.carlosmontes.cl\/senador\/wp-json\/wp\/v2\/types\/page"}],"author":[{"embeddable":true,"href":"https:\/\/www.carlosmontes.cl\/senador\/wp-json\/wp\/v2\/users\/1"}],"replies":[{"embeddable":true,"href":"https:\/\/www.carlosmontes.cl\/senador\/wp-json\/wp\/v2\/comments?post=64"}],"version-history":[{"count":70,"href":"https:\/\/www.carlosmontes.cl\/senador\/wp-json\/wp\/v2\/pages\/64\/revisions"}],"predecessor-version":[{"id":2287,"href":"https:\/\/www.carlosmontes.cl\/senador\/wp-json\/wp\/v2\/pages\/64\/revisions\/2287"}],"wp:attachment":[{"href":"https:\/\/www.carlosmontes.cl\/senador\/wp-json\/wp\/v2\/media?parent=64"}],"curies":[{"name":"wp","href":"https:\/\/api.w.org\/{rel}","templated":true}]}}