{"id":36,"date":"2014-03-25T10:04:38","date_gmt":"2014-03-25T13:04:38","guid":{"rendered":"http:\/\/www.carlosmontes.cl\/senador\/?page_id=36"},"modified":"2014-04-23T10:39:11","modified_gmt":"2014-04-23T13:39:11","slug":"congreso-nacional","status":"publish","type":"page","link":"https:\/\/www.carlosmontes.cl\/senador\/congreso-nacional\/","title":{"rendered":"Congreso Nacional"},"content":{"rendered":"<p>En 1989, al retornar la democracia al pa\u00eds, postul\u00e9 como Diputado por la Regi\u00f3n Metropolitana, Distrito N\u00b0 26 de La Florida, resultando electo por el per\u00edodo 1990-1994.\u00a0Pas\u00e9 a integrar las Comisiones de Gobierno Interior y Regionalizaci\u00f3n y de Vivienda y Desarrollo Urbano, presidi\u00e9ndola en 1993. Fui miembro, adem\u00e1s, de las Comisiones Especiales de Digeder y de la Igualdad de Cultos en Chile, instancia esta \u00faltima que tuvo una participaci\u00f3n relevante para la dictaci\u00f3n de la ley sobre la materia.<\/p>\n<p>En diciembre de 1993 fui reelecto para el siguiente per\u00edodo, 1994 a 1998. Durante mi labor, nuevamente ejerc\u00ed la presidencia de la Comisi\u00f3n de Vivienda y Desarrollo Urbano e integr\u00e9, tambi\u00e9n, la Comisi\u00f3n de Gobierno Interior, de Regionalizaci\u00f3n, Planificaci\u00f3n y Desarrollo Social, de Obras P\u00fablicas, Transportes y Telecomunicaciones y la de Educaci\u00f3n. Adem\u00e1s, fui miembro de la Comisi\u00f3n Investigadora de la Entrega de Recursos P\u00fablicos para Organizaciones Deportivas.<\/p>\n<p>En diciembre de 1997 fui reelecto para un siguiente per\u00edodo, de 1998 a 2002. Integr\u00e9 la Comisi\u00f3n de Vivienda y Desarrollo Urbano.\u00a0Asimismo, desde el 11 de marzo de 1999 hasta el 11 de marzo del 2000 ejerc\u00ed como Presidente de la C\u00e1mara de Diputados.<\/p>\n<p>En Diciembre de 2001 fui elegido Diputado en representaci\u00f3n del Partido Socialista, para el per\u00edodo 2002 a 2006.\u00a0Integr\u00e9 las Comisiones de Educaci\u00f3n, Cultura, Deportes y Recreaci\u00f3n; Gobierno Interior, Regionalizaci\u00f3n, Planificaci\u00f3n y Desarrollo Social; y la Comisi\u00f3n Especial de la Peque\u00f1a y Mediana Empresa.<\/p>\n<p>Result\u00e9 reelecto el 2005 como Diputado por La Florida para el periodo 2006-2010. Presid\u00ed las Comisiones de Vivienda y Desarrollo Urbano y la Comisi\u00f3n Especial de Deudas Hist\u00f3ricas. Particip\u00e9 adem\u00e1s como miembro de las Comisiones de Hacienda, Ciencia y Tecnolog\u00eda y de Seguridad Ciudadana y Drogas.<\/p>\n<p>El a\u00f1o 2009 fui nuevamente electo para representar a La Florida en la C\u00e1mara Baja por el per\u00edodo 2010-2014, integrando las comisiones de Hacienda y Vivienda y Desarrollo Urbano, adem\u00e1s de la de Seguridad Ciudadana.<\/p>\n<p>El a\u00f1o 2013, asum\u00ed el desaf\u00edo de postular a la senatur\u00eda por Santiago Sur Oriente, con el objeto de respaldar desde la C\u00e1mara Alta el Gobierno de la Presidenta Michelle Bachelet y su programa de transformaciones profundas para nuestro pa\u00eds resultando electo por el per\u00edodo 2014-2022.<\/p>\n","protected":false},"excerpt":{"rendered":"<p>En 1989, al retornar la democracia al pa\u00eds, postul\u00e9 como Diputado por la Regi\u00f3n Metropolitana, Distrito N\u00b0 26 de La Florida, resultando electo por el per\u00edodo 1990-1994.\u00a0Pas\u00e9 a integrar las Comisiones de Gobierno Interior y Regionalizaci\u00f3n y de Vivienda y Desarrollo Urbano, presidi\u00e9ndola en 1993. Fui miembro, adem\u00e1s, de las Comisiones Especiales de Digeder y &hellip;<\/p>\n","protected":false},"author":1,"featured_media":0,"parent":0,"menu_order":0,"comment_status":"open","ping_status":"closed","template":"","meta":[],"_links":{"self":[{"href":"https:\/\/www.carlosmontes.cl\/senador\/wp-json\/wp\/v2\/pages\/36"}],"collection":[{"href":"https:\/\/www.carlosmontes.cl\/senador\/wp-json\/wp\/v2\/pages"}],"about":[{"href":"https:\/\/www.carlosmontes.cl\/senador\/wp-json\/wp\/v2\/types\/page"}],"author":[{"embeddable":true,"href":"https:\/\/www.carlosmontes.cl\/senador\/wp-json\/wp\/v2\/users\/1"}],"replies":[{"embeddable":true,"href":"https:\/\/www.carlosmontes.cl\/senador\/wp-json\/wp\/v2\/comments?post=36"}],"version-history":[{"count":7,"href":"https:\/\/www.carlosmontes.cl\/senador\/wp-json\/wp\/v2\/pages\/36\/revisions"}],"predecessor-version":[{"id":294,"href":"https:\/\/www.carlosmontes.cl\/senador\/wp-json\/wp\/v2\/pages\/36\/revisions\/294"}],"wp:attachment":[{"href":"https:\/\/www.carlosmontes.cl\/senador\/wp-json\/wp\/v2\/media?parent=36"}],"curies":[{"name":"wp","href":"https:\/\/api.w.org\/{rel}","templated":true}]}}