{"id":29,"date":"2014-03-25T09:57:13","date_gmt":"2014-03-25T12:57:13","guid":{"rendered":"http:\/\/www.carlosmontes.cl\/senador\/?page_id=29"},"modified":"2014-03-25T15:35:47","modified_gmt":"2014-03-25T18:35:47","slug":"biografia","status":"publish","type":"page","link":"https:\/\/www.carlosmontes.cl\/senador\/biografia\/","title":{"rendered":"Biograf\u00eda"},"content":{"rendered":"<p><img class=\"custom-frame\" src=\"https:\/\/www.carlosmontes.cl\/senador\/wp-content\/themes\/politician\/timthumb.php?src=http:\/\/www.carlosmontes.cl\/senador\/wp-content\/uploads\/2014\/03\/carlos-trayectoria.jpg&amp;w=223&amp;h=300&amp;zc=1\"style=\"float: left; margin-right: 1.5em; margin-bottom: 0.5em; \" alt=\"Carlos Montes\" width=\"223\" height=\"300\" \/>Carlos Montes nace en La Florida y ya a los 15 a\u00f1os era dirigente de su Junta de Vecinos en el paradero 23. Siendo estudiante de Econom\u00eda de la UC se incorpora al movimiento estudiantil del cual llega a ser dirigente de la FEUC, en los a\u00f1os de la Reforma Universitaria. En 1968 es elegido representante de los alumnos ante el Consejo Superior de la Universidad. Su vocaci\u00f3n siempre ligada a c\u00f3mo los universitarios se compromet\u00edan con los problemas sociales del pa\u00eds. Paralelo a ello contin\u00faa con su trabajo socio pol\u00edtico en La Florida el que no ha dejado hasta el d\u00eda de hoy. En Tubul, una bella caleta pesquera de Arauco, conoce, en trabajos de verano a su mujer Gloria Cruz con quien tienen 3 hijos: Andres, Javiera y Juanita y 6 nietos.<\/p>\n<p>Para el golpe militar era dirigente nacional del Mapu y es insistentemente buscado por los organismos de seguridad. Durante los a\u00f1os de dictadura trabaja intensamente desde la clandestinidad, organizando la resistencia. En diciembre de 1980 es detenido, permaneciendo un mes desaparecido en manos de la CNI y posteriormente encarcelado en la Carc\u00e9l P\u00fablica. En Octubre de 1981 es condenado a Extra\u00f1amiento y expulsado a M\u00e9xico donde parte con su familia. En 1985 regresa a Chile y con una gran visi\u00f3n inicia, junto a un equipo, un fuerte trabajo en relaci\u00f3n a la democratizaci\u00f3n de la Juntas de Vecinos, manejadas en esos a\u00f1os por dirigentes designados, cuestionando as\u00ed la legitimidad de las autoridades Municipales designadas por el gobierno militar.<\/p>\n<p>Fue el encargado de la Campa\u00f1a del NO en la Regi\u00f3n Metropolitana y desde el 90 Diputado por La Florida. En el Parlamento se ha destacado por su seriedad pol\u00edtica: estudioso, responsable y comprometido con los temas sociales y hacienda p\u00fablica. Fue tambi\u00e9n presidente de la C\u00e1mara de Diputados. Seis veces ha sido elegido el mejor diputado por sus pares.<\/p>\n<p>Y para qu\u00e9 hablar de su compromiso con el Distrito. Su trabajo se ha caracterizado por lo formativo y colectivo que ha sido. Existe en La Florida una gran Red de Iniciativa Ciudadana que se ha ido formando y capacitando a trav\u00e9s de miles de cursos, seminarios, foros y trabajo socio-pol\u00edtico en terreno.<\/p>\n<p>El trabajo es permanente, aqu\u00ed no se puede decir: \u201cvolvi\u00f3 para las elecciones.\u201d<\/p>\n<p>En cuanto a sus posiciones pol\u00edticas ha sido consistente, consecuente y tenaz en defenderlas. Desde 1993 se opuso en educaci\u00f3n al financiamiento compartido y dio una pelea junto a otros 7 diputados. Lo mismo frente a la LEGE la que nunca comparti\u00f3. Su consecuencia y constancia en los temas relacionados con vivienda social y desarrollo urbano, derechos laborales y reforma tributaria ha sido ejemplar.<\/p>\n","protected":false},"excerpt":{"rendered":"<p>Carlos Montes nace en La Florida y ya a los 15 a\u00f1os era dirigente de su Junta de Vecinos en el paradero 23. Siendo estudiante de Econom\u00eda de la UC se incorpora al movimiento estudiantil del cual llega a ser dirigente de la FEUC, en los a\u00f1os de la Reforma Universitaria. En 1968 es elegido &hellip;<\/p>\n","protected":false},"author":1,"featured_media":30,"parent":0,"menu_order":0,"comment_status":"open","ping_status":"open","template":"","meta":[],"_links":{"self":[{"href":"https:\/\/www.carlosmontes.cl\/senador\/wp-json\/wp\/v2\/pages\/29"}],"collection":[{"href":"https:\/\/www.carlosmontes.cl\/senador\/wp-json\/wp\/v2\/pages"}],"about":[{"href":"https:\/\/www.carlosmontes.cl\/senador\/wp-json\/wp\/v2\/types\/page"}],"author":[{"embeddable":true,"href":"https:\/\/www.carlosmontes.cl\/senador\/wp-json\/wp\/v2\/users\/1"}],"replies":[{"embeddable":true,"href":"https:\/\/www.carlosmontes.cl\/senador\/wp-json\/wp\/v2\/comments?post=29"}],"version-history":[{"count":5,"href":"https:\/\/www.carlosmontes.cl\/senador\/wp-json\/wp\/v2\/pages\/29\/revisions"}],"predecessor-version":[{"id":35,"href":"https:\/\/www.carlosmontes.cl\/senador\/wp-json\/wp\/v2\/pages\/29\/revisions\/35"}],"wp:featuredmedia":[{"embeddable":true,"href":"https:\/\/www.carlosmontes.cl\/senador\/wp-json\/wp\/v2\/media\/30"}],"wp:attachment":[{"href":"https:\/\/www.carlosmontes.cl\/senador\/wp-json\/wp\/v2\/media?parent=29"}],"curies":[{"name":"wp","href":"https:\/\/api.w.org\/{rel}","templated":true}]}}