{"id":185,"date":"2014-04-15T13:06:22","date_gmt":"2014-04-15T16:06:22","guid":{"rendered":"http:\/\/www.carlosmontes.cl\/senador\/?page_id=185"},"modified":"2016-09-14T15:57:20","modified_gmt":"2016-09-14T18:57:20","slug":"opinion","status":"publish","type":"page","link":"https:\/\/www.carlosmontes.cl\/senador\/opinion\/","title":{"rendered":"Columna de Opini\u00f3n"},"content":{"rendered":"<br \/>\n<article class=\"post-item-first clearfix\">\n\t\t\t\t<a href=\"https:\/\/www.carlosmontes.cl\/senador\/otro-crecimiento-economico-y-las-elecciones-2017\/\"><\/p>\n<h3 class=\"title\">Otro crecimiento econ\u00f3mico y las elecciones 2017<\/h3>\n<p><\/a><\/p>\n<section class=\"post-meta clearfix\">\n<div class=\"post-date\">05\/07\/2017<\/div>\n<div class=\"post-tags\"><a href=\"https:\/\/www.carlosmontes.cl\/senador\/category\/noticias\/\" rel=\"category tag\">noticias<\/a>, <a href=\"https:\/\/www.carlosmontes.cl\/senador\/category\/opinion\/\" rel=\"category tag\">Opini\u00f3n<\/a>, <a href=\"https:\/\/www.carlosmontes.cl\/senador\/category\/7-transformaciones\/reforma-tributaria\/\" rel=\"category tag\">Reforma tributaria<\/a><\/div>\n<div class=\"post-comments\"><a href=\"https:\/\/www.carlosmontes.cl\/senador\/otro-crecimiento-economico-y-las-elecciones-2017\/#respond\" title=\"No hay comentarios\">No hay comentarios<\/a><\/div>\n<div class=\"post-tags\">Etiquetas: <a href=\"https:\/\/www.carlosmontes.cl\/senador\/tag\/boom\/\" rel=\"tag\">boom<\/a>, <a href=\"https:\/\/www.carlosmontes.cl\/senador\/tag\/capacitacion\/\" rel=\"tag\">capacitaci\u00f3n<\/a>, <a href=\"https:\/\/www.carlosmontes.cl\/senador\/tag\/ciclo\/\" rel=\"tag\">ciclo<\/a>, <a href=\"https:\/\/www.carlosmontes.cl\/senador\/tag\/commodities\/\" rel=\"tag\">commodities<\/a>, <a href=\"https:\/\/www.carlosmontes.cl\/senador\/tag\/crecimiento\/\" rel=\"tag\">crecimiento<\/a>, <a href=\"https:\/\/www.carlosmontes.cl\/senador\/tag\/desarrollo\/\" rel=\"tag\">desarrollo<\/a>, <a href=\"https:\/\/www.carlosmontes.cl\/senador\/tag\/eleccion\/\" rel=\"tag\">elecci\u00f3n<\/a>, <a href=\"https:\/\/www.carlosmontes.cl\/senador\/tag\/elecciones\/\" rel=\"tag\">elecciones<\/a>, <a href=\"https:\/\/www.carlosmontes.cl\/senador\/tag\/empleos\/\" rel=\"tag\">empleos<\/a>, <a href=\"https:\/\/www.carlosmontes.cl\/senador\/tag\/emprendedor\/\" rel=\"tag\">emprendedor<\/a>, <a href=\"https:\/\/www.carlosmontes.cl\/senador\/tag\/estado\/\" rel=\"tag\">Estado<\/a>, <a href=\"https:\/\/www.carlosmontes.cl\/senador\/tag\/financieras\/\" rel=\"tag\">financieras<\/a>, <a href=\"https:\/\/www.carlosmontes.cl\/senador\/tag\/franquicias\/\" rel=\"tag\">franquicias<\/a>, <a href=\"https:\/\/www.carlosmontes.cl\/senador\/tag\/gasto\/\" rel=\"tag\">gasto<\/a>, <a href=\"https:\/\/www.carlosmontes.cl\/senador\/tag\/industrial\/\" rel=\"tag\">industrial<\/a>, <a href=\"https:\/\/www.carlosmontes.cl\/senador\/tag\/infraestructura\/\" rel=\"tag\">infraestructura<\/a>, <a href=\"https:\/\/www.carlosmontes.cl\/senador\/tag\/inversion\/\" rel=\"tag\">inversi\u00f3n<\/a>, <a href=\"https:\/\/www.carlosmontes.cl\/senador\/tag\/materias\/\" rel=\"tag\">materias<\/a>, <a href=\"https:\/\/www.carlosmontes.cl\/senador\/tag\/politica\/\" rel=\"tag\">pol\u00edtica<\/a>, <a href=\"https:\/\/www.carlosmontes.cl\/senador\/tag\/primas\/\" rel=\"tag\">primas<\/a>, <a href=\"https:\/\/www.carlosmontes.cl\/senador\/tag\/proyectos\/\" rel=\"tag\">proyectos<\/a>, <a href=\"https:\/\/www.carlosmontes.cl\/senador\/tag\/rentas\/\" rel=\"tag\">rentas<\/a>, <a href=\"https:\/\/www.carlosmontes.cl\/senador\/tag\/tributario\/\" rel=\"tag\">tributario<\/a><\/div>\n<\/section>\n<p>Las propuestas de los precandidatos presidenciales se ha centrado en su opini\u00f3n en relaci\u00f3n a diversos derechos sociales: la continuidad de la gratuidad, la inversi\u00f3n en salud o la modificaci\u00f3n al sistema previsional. Con escasa fuerza aparece el crecimiento econ\u00f3mico. Como lo planteamos los senadores socialistas en un documento elaborado con especialistas, \u00e9ste es indispensable &hellip;<\/p>\n<p>\t\t\t\t\t\t\t\t<a href=\"https:\/\/www.carlosmontes.cl\/senador\/otro-crecimiento-economico-y-las-elecciones-2017\/\" class=\"button gray\" title=\"Leer m\u00e1s \u2192\">Leer m\u00e1s \u2192<\/a><br \/>\n\t\t\t\t\t\t\t<\/article>\n<article class=\"post-item clearfix\">\n\t\t\t\t<a href=\"https:\/\/www.carlosmontes.cl\/senador\/presupuesto-2017-oportunidades-perdidas\/\"><\/p>\n<h3 class=\"title\">Presupuesto 2017: oportunidades perdidas<\/h3>\n<p><\/a><\/p>\n<section class=\"post-meta clearfix\">\n<div class=\"post-date\">14\/12\/2016<\/div>\n<div class=\"post-tags\"><a href=\"https:\/\/www.carlosmontes.cl\/senador\/category\/opinion\/\" rel=\"category tag\">Opini\u00f3n<\/a><\/div>\n<div class=\"post-comments\"><a href=\"https:\/\/www.carlosmontes.cl\/senador\/presupuesto-2017-oportunidades-perdidas\/#respond\" title=\"No hay comentarios\">No hay comentarios<\/a><\/div>\n<div class=\"post-tags\">Etiquetas: <a href=\"https:\/\/www.carlosmontes.cl\/senador\/tag\/2017\/\" rel=\"tag\">2017<\/a>, <a href=\"https:\/\/www.carlosmontes.cl\/senador\/tag\/crecimiento\/\" rel=\"tag\">crecimiento<\/a>, <a href=\"https:\/\/www.carlosmontes.cl\/senador\/tag\/cuech\/\" rel=\"tag\">CUECH<\/a>, <a href=\"https:\/\/www.carlosmontes.cl\/senador\/tag\/decepcionante\/\" rel=\"tag\">decepcionante<\/a>, <a href=\"https:\/\/www.carlosmontes.cl\/senador\/tag\/desarrollo\/\" rel=\"tag\">desarrollo<\/a>, <a href=\"https:\/\/www.carlosmontes.cl\/senador\/tag\/educacion-2\/\" rel=\"tag\">educaci\u00f3n<\/a>, <a href=\"https:\/\/www.carlosmontes.cl\/senador\/tag\/estatales\/\" rel=\"tag\">estatales<\/a>, <a href=\"https:\/\/www.carlosmontes.cl\/senador\/tag\/expansion\/\" rel=\"tag\">expansi\u00f3n<\/a>, <a href=\"https:\/\/www.carlosmontes.cl\/senador\/tag\/fiscal\/\" rel=\"tag\">fiscal<\/a>, <a href=\"https:\/\/www.carlosmontes.cl\/senador\/tag\/fondo\/\" rel=\"tag\">fondo<\/a>, <a href=\"https:\/\/www.carlosmontes.cl\/senador\/tag\/fortalecimiento\/\" rel=\"tag\">fortalecimiento<\/a>, <a href=\"https:\/\/www.carlosmontes.cl\/senador\/tag\/gasto\/\" rel=\"tag\">gasto<\/a>, <a href=\"https:\/\/www.carlosmontes.cl\/senador\/tag\/infraestructura\/\" rel=\"tag\">infraestructura<\/a>, <a href=\"https:\/\/www.carlosmontes.cl\/senador\/tag\/keynes\/\" rel=\"tag\">Keynes<\/a>, <a href=\"https:\/\/www.carlosmontes.cl\/senador\/tag\/oportunidades\/\" rel=\"tag\">oportunidades<\/a>, <a href=\"https:\/\/www.carlosmontes.cl\/senador\/tag\/plan\/\" rel=\"tag\">plan<\/a>, <a href=\"https:\/\/www.carlosmontes.cl\/senador\/tag\/politica\/\" rel=\"tag\">pol\u00edtica<\/a>, <a href=\"https:\/\/www.carlosmontes.cl\/senador\/tag\/presupuesto\/\" rel=\"tag\">presupuesto<\/a>, <a href=\"https:\/\/www.carlosmontes.cl\/senador\/tag\/proyectos\/\" rel=\"tag\">proyectos<\/a>, <a href=\"https:\/\/www.carlosmontes.cl\/senador\/tag\/publica\/\" rel=\"tag\">p\u00fablica<\/a>, <a href=\"https:\/\/www.carlosmontes.cl\/senador\/tag\/revitalizacion\/\" rel=\"tag\">revitalizaci\u00f3n<\/a>, <a href=\"https:\/\/www.carlosmontes.cl\/senador\/tag\/superior\/\" rel=\"tag\">superior<\/a>, <a href=\"https:\/\/www.carlosmontes.cl\/senador\/tag\/universidades\/\" rel=\"tag\">universidades<\/a><\/div>\n<\/section>\n<p>La reciente discusi\u00f3n presupuestaria result\u00f3 decepcionante. Primero, por la imposibilidad de instalar la recuperaci\u00f3n del crecimiento econ\u00f3mico como eje del debate. Como bancada PS lo hab\u00edamos planteado, desde hace meses. Hicimos un trabajo serio de reflexi\u00f3n y elaboraci\u00f3n de propuestas. Presentamos un documento a Hacienda. Poco de eso se plasm\u00f3 en la ley. La excepci\u00f3n &hellip;<\/p>\n<p>\t\t\t\t\t\t\t\t<a href=\"https:\/\/www.carlosmontes.cl\/senador\/presupuesto-2017-oportunidades-perdidas\/\" class=\"button gray\" title=\"Leer m\u00e1s \u2192\">Leer m\u00e1s \u2192<\/a><br \/>\n\t\t\t\t\t\t\t<\/article>\n<article class=\"post-item clearfix\">\n\t\t\t\t<a href=\"https:\/\/www.carlosmontes.cl\/senador\/inacap-de-caracter-publico\/\"><\/p>\n<h3 class=\"title\">INACAP de car\u00e1cter p\u00fablico<\/h3>\n<p><\/a><\/p>\n<section class=\"post-meta clearfix\">\n<div class=\"post-date\">27\/09\/2016<\/div>\n<div class=\"post-tags\"><a href=\"https:\/\/www.carlosmontes.cl\/senador\/category\/opinion\/\" rel=\"category tag\">Opini\u00f3n<\/a><\/div>\n<div class=\"post-comments\"><a href=\"https:\/\/www.carlosmontes.cl\/senador\/inacap-de-caracter-publico\/#respond\" title=\"No hay comentarios\">No hay comentarios<\/a><\/div>\n<div class=\"post-tags\">Etiquetas: <a href=\"https:\/\/www.carlosmontes.cl\/senador\/tag\/capacitacion\/\" rel=\"tag\">capacitaci\u00f3n<\/a>, <a href=\"https:\/\/www.carlosmontes.cl\/senador\/tag\/cpc\/\" rel=\"tag\">CPC<\/a>, <a href=\"https:\/\/www.carlosmontes.cl\/senador\/tag\/decreto\/\" rel=\"tag\">decreto<\/a>, <a href=\"https:\/\/www.carlosmontes.cl\/senador\/tag\/dictadura\/\" rel=\"tag\">dictadura<\/a>, <a href=\"https:\/\/www.carlosmontes.cl\/senador\/tag\/educacion-2\/\" rel=\"tag\">educaci\u00f3n<\/a>, <a href=\"https:\/\/www.carlosmontes.cl\/senador\/tag\/equidad\/\" rel=\"tag\">equidad<\/a>, <a href=\"https:\/\/www.carlosmontes.cl\/senador\/tag\/estado\/\" rel=\"tag\">Estado<\/a>, <a href=\"https:\/\/www.carlosmontes.cl\/senador\/tag\/estudiantes\/\" rel=\"tag\">estudiantes<\/a>, <a href=\"https:\/\/www.carlosmontes.cl\/senador\/tag\/futuro\/\" rel=\"tag\">futuro<\/a>, <a href=\"https:\/\/www.carlosmontes.cl\/senador\/tag\/gratuidad\/\" rel=\"tag\">gratuidad<\/a>, <a href=\"https:\/\/www.carlosmontes.cl\/senador\/tag\/gremios\/\" rel=\"tag\">gremios<\/a>, <a href=\"https:\/\/www.carlosmontes.cl\/senador\/tag\/inacap\/\" rel=\"tag\">inacap<\/a>, <a href=\"https:\/\/www.carlosmontes.cl\/senador\/tag\/industrializacion\/\" rel=\"tag\">industrializaci\u00f3n<\/a>, <a href=\"https:\/\/www.carlosmontes.cl\/senador\/tag\/irregular\/\" rel=\"tag\">irregular<\/a>, <a href=\"https:\/\/www.carlosmontes.cl\/senador\/tag\/lucro\/\" rel=\"tag\">lucro<\/a>, <a href=\"https:\/\/www.carlosmontes.cl\/senador\/tag\/pais\/\" rel=\"tag\">pa\u00eds<\/a>, <a href=\"https:\/\/www.carlosmontes.cl\/senador\/tag\/privatizacion\/\" rel=\"tag\">privatizaci\u00f3n<\/a>, <a href=\"https:\/\/www.carlosmontes.cl\/senador\/tag\/productividad\/\" rel=\"tag\">productividad<\/a>, <a href=\"https:\/\/www.carlosmontes.cl\/senador\/tag\/regiones\/\" rel=\"tag\">regiones<\/a>, <a href=\"https:\/\/www.carlosmontes.cl\/senador\/tag\/superior\/\" rel=\"tag\">superior<\/a>, <a href=\"https:\/\/www.carlosmontes.cl\/senador\/tag\/tecnica\/\" rel=\"tag\">t\u00e9cnica<\/a>, <a href=\"https:\/\/www.carlosmontes.cl\/senador\/tag\/trabajadores\/\" rel=\"tag\">trabajadores<\/a><\/div>\n<\/section>\n<p>Inacap nunca se privatiz\u00f3, s\u00f3lo cambi\u00f3 su administraci\u00f3n. Fue creado por el Estado en 1966, como corporaci\u00f3n privada, sin fines de lucro, siendo presidente Eduardo Frei Montalva. El entonces coronel Letelier Skinner, vicepresidente de Corfo, en las postrimer\u00edas de la dictadura decidi\u00f3 retirar a Corfo del directorio de Inacap. El gobierno de Pinochet mediante un &hellip;<\/p>\n<p>\t\t\t\t\t\t\t\t<a href=\"https:\/\/www.carlosmontes.cl\/senador\/inacap-de-caracter-publico\/\" class=\"button gray\" title=\"Leer m\u00e1s \u2192\">Leer m\u00e1s \u2192<\/a><br \/>\n\t\t\t\t\t\t\t<\/article>\n<article class=\"post-item clearfix\">\n\t\t\t\t<a href=\"https:\/\/www.carlosmontes.cl\/senador\/no-a-la-eleccion-de-intendentes-ahora\/\"><\/p>\n<h3 class=\"title\">No a la elecci\u00f3n de intendentes ahora<\/h3>\n<p><\/a><\/p>\n<section class=\"post-meta clearfix\">\n<div class=\"post-date\">14\/09\/2016<\/div>\n<div class=\"post-tags\"><a href=\"https:\/\/www.carlosmontes.cl\/senador\/category\/opinion\/\" rel=\"category tag\">Opini\u00f3n<\/a><\/div>\n<div class=\"post-comments\"><a href=\"https:\/\/www.carlosmontes.cl\/senador\/no-a-la-eleccion-de-intendentes-ahora\/#respond\" title=\"No hay comentarios\">No hay comentarios<\/a><\/div>\n<div class=\"post-tags\"><\/div>\n<\/section>\n<p>En democracia se han hecho diversas modificaciones a la regionalizaci\u00f3n sin alterar sustantivamente la distribuci\u00f3n territorial y su l\u00f3gica de poder, emanada de la dictadura, cuyos objetivos tuvieron que ver m\u00e1s con criterios geopol\u00edticos y de control que de participaci\u00f3n social. Tampoco hemos analizado cabalmente el sistema pol\u00edtico, el rol de las diversas instituciones y &hellip;<\/p>\n<p>\t\t\t\t\t\t\t\t<a href=\"https:\/\/www.carlosmontes.cl\/senador\/no-a-la-eleccion-de-intendentes-ahora\/\" class=\"button gray\" title=\"Leer m\u00e1s \u2192\">Leer m\u00e1s \u2192<\/a><br \/>\n\t\t\t\t\t\t\t<\/article>\n<article class=\"post-item clearfix\">\n\t\t\t\t<a href=\"https:\/\/www.carlosmontes.cl\/senador\/agenda-solidaria\/\"><\/p>\n<h3 class=\"title\">Agenda Solidaria<\/h3>\n<p><\/a><\/p>\n<section class=\"post-meta clearfix\">\n<div class=\"post-date\">31\/07\/2015<\/div>\n<div class=\"post-tags\"><a href=\"https:\/\/www.carlosmontes.cl\/senador\/category\/opinion\/\" rel=\"category tag\">Opini\u00f3n<\/a><\/div>\n<div class=\"post-comments\"><a href=\"https:\/\/www.carlosmontes.cl\/senador\/agenda-solidaria\/#respond\" title=\"No hay comentarios\">No hay comentarios<\/a><\/div>\n<div class=\"post-tags\">Etiquetas: <a href=\"https:\/\/www.carlosmontes.cl\/senador\/tag\/aportes\/\" rel=\"tag\">aportes<\/a>, <a href=\"https:\/\/www.carlosmontes.cl\/senador\/tag\/donaciones\/\" rel=\"tag\">donaciones<\/a>, <a href=\"https:\/\/www.carlosmontes.cl\/senador\/tag\/fines\/\" rel=\"tag\">fines<\/a>, <a href=\"https:\/\/www.carlosmontes.cl\/senador\/tag\/incentivos\/\" rel=\"tag\">incentivos<\/a>, <a href=\"https:\/\/www.carlosmontes.cl\/senador\/tag\/inclusiva\/\" rel=\"tag\">inclusiva<\/a>, <a href=\"https:\/\/www.carlosmontes.cl\/senador\/tag\/medio-ambiente\/\" rel=\"tag\">medio ambiente<\/a>, <a href=\"https:\/\/www.carlosmontes.cl\/senador\/tag\/ong\/\" rel=\"tag\">ONG<\/a>, <a href=\"https:\/\/www.carlosmontes.cl\/senador\/tag\/organizaciones\/\" rel=\"tag\">organizaciones<\/a>, <a href=\"https:\/\/www.carlosmontes.cl\/senador\/tag\/salud\/\" rel=\"tag\">salud<\/a>, <a href=\"https:\/\/www.carlosmontes.cl\/senador\/tag\/social\/\" rel=\"tag\">social<\/a>, <a href=\"https:\/\/www.carlosmontes.cl\/senador\/tag\/sociales\/\" rel=\"tag\">sociales<\/a>, <a href=\"https:\/\/www.carlosmontes.cl\/senador\/tag\/solidaridad\/\" rel=\"tag\">solidaridad<\/a><\/div>\n<\/section>\n<p>Benito Baranda y Carlos Montes \u201cEL ESTADO y la sociedad civil, en efecto, cumplen roles complementarios en la consecuci\u00f3n de los objetivos sociales fundamentales del pa\u00eds, tales como la reducci\u00f3n de la pobreza y la generaci\u00f3n de oportunidades de progreso e integraci\u00f3n social para las personas m\u00e1s vulnerables\u201d. Con estas palabras comenzaba un proyecto enviado &hellip;<\/p>\n<p>\t\t\t\t\t\t\t\t<a href=\"https:\/\/www.carlosmontes.cl\/senador\/agenda-solidaria\/\" class=\"button gray\" title=\"Leer m\u00e1s \u2192\">Leer m\u00e1s \u2192<\/a><br \/>\n\t\t\t\t\t\t\t<\/article>\n","protected":false},"excerpt":{"rendered":"","protected":false},"author":1,"featured_media":0,"parent":0,"menu_order":0,"comment_status":"closed","ping_status":"open","template":"","meta":[],"_links":{"self":[{"href":"https:\/\/www.carlosmontes.cl\/senador\/wp-json\/wp\/v2\/pages\/185"}],"collection":[{"href":"https:\/\/www.carlosmontes.cl\/senador\/wp-json\/wp\/v2\/pages"}],"about":[{"href":"https:\/\/www.carlosmontes.cl\/senador\/wp-json\/wp\/v2\/types\/page"}],"author":[{"embeddable":true,"href":"https:\/\/www.carlosmontes.cl\/senador\/wp-json\/wp\/v2\/users\/1"}],"replies":[{"embeddable":true,"href":"https:\/\/www.carlosmontes.cl\/senador\/wp-json\/wp\/v2\/comments?post=185"}],"version-history":[{"count":8,"href":"https:\/\/www.carlosmontes.cl\/senador\/wp-json\/wp\/v2\/pages\/185\/revisions"}],"predecessor-version":[{"id":1990,"href":"https:\/\/www.carlosmontes.cl\/senador\/wp-json\/wp\/v2\/pages\/185\/revisions\/1990"}],"wp:attachment":[{"href":"https:\/\/www.carlosmontes.cl\/senador\/wp-json\/wp\/v2\/media?parent=185"}],"curies":[{"name":"wp","href":"https:\/\/api.w.org\/{rel}","templated":true}]}}